{"id":285,"date":"2017-12-30T12:36:18","date_gmt":"2017-12-30T11:36:18","guid":{"rendered":"http:\/\/rachel-marks.com\/?page_id=285"},"modified":"2025-05-29T06:07:16","modified_gmt":"2025-05-29T04:07:16","slug":"resume","status":"publish","type":"page","link":"https:\/\/rachel-marks.com\/index.php\/resume\/","title":{"rendered":"Resume"},"content":{"rendered":"<div  class=\"tatsu-hgxet7k3m97lukgl tatsu-section  tatsu-bg-overlay   tatsu-clearfix\" data-title=\"\"  data-headerscheme=\"background--dark\"><div class='tatsu-section-pad clearfix' data-padding='{\"d\":\"90px 0px 90px 0px\"}' data-padding-top='90px'><div class=\"tatsu-row-wrap  tatsu-wrap tatsu-row-has-two-cols tatsu-medium-gutter tatsu-reg-cols  tatsu-clearfix tatsu-hgxet7k3q1bxjxhw\" ><div  class=\"tatsu-row \" ><div  class=\"tatsu-column  tatsu-column-no-bg tatsu-one-third tatsu-column-image-none tatsu-column-effect-none  tatsu-hgxet7k3ueff7vco\"  data-parallax-speed=\"0\" style=\"\"><div class=\"tatsu-column-inner \" ><div class=\"tatsu-column-pad-wrap\"><div class=\"tatsu-column-pad\" ><div  class = \"oshine-module special-heading-wrap  tatsu-hgxet7k3x7bqbjyt style6  \" ><style>.tatsu-hgxet7k3x7bqbjyt.special-heading-wrap.style6{font-size: 20px;margin: 0px 0px 20px 0px;text-align: left;}.tatsu-hgxet7k3x7bqbjyt.special-heading-wrap.style6 .be-title{letter-spacing: 2;}.tatsu-hgxet7k3x7bqbjyt.special-heading-wrap.style6 .be-border {background: #ae9f6a;}<\/style><div class = \"special-heading-inner-wrap be-border-style1 be-expand\" ><div class = \"be-border\" ><\/div><h6 class = \"be-title\">curriculum vitae<\/h6><\/div><\/div><div  class=\"tatsu-single-image tatsu-module tatsu-image-lazyload tatsu-external-image tatsu-twdBRuqBTZ  \" ><div class=\"tatsu-single-image-inner \" style=\"\" ><div class = \"tatsu-single-image-padding-wrap\" style = \"\" ><\/div><img class = \"tatsu-gradient-border\" data-src = \"https:\/\/rachel-marks.com\/wp-content\/uploads\/2024\/12\/8.SYMFOLIA_R.Marks_MG_8140_creditPaulineRoussille-scaled.jpg\" \/><\/div><style>.tatsu-twdBRuqBTZ .tatsu-single-image-inner{max-width: 100%;}.tatsu-twdBRuqBTZ.tatsu-single-image{transform: translate3d(0px,0px, 0);}<\/style><\/div><\/div><\/div><div class = \"tatsu-column-bg-image-wrap\"><div class = \"tatsu-column-bg-image\" ><\/div><\/div><\/div><style>.tatsu-row > .tatsu-hgxet7k3ueff7vco.tatsu-column{width: 33.33%;}.tatsu-hgxet7k3ueff7vco.tatsu-column > .tatsu-column-inner > .tatsu-column-overlay{mix-blend-mode: none;}.tatsu-hgxet7k3ueff7vco > .tatsu-column-inner > .tatsu-top-divider{z-index: 9999;}.tatsu-hgxet7k3ueff7vco > .tatsu-column-inner > .tatsu-bottom-divider{z-index: 9999;}.tatsu-hgxet7k3ueff7vco > .tatsu-column-inner > .tatsu-left-divider{z-index: 9999;}.tatsu-hgxet7k3ueff7vco > .tatsu-column-inner > .tatsu-right-divider{z-index: 9999;}@media only screen and (max-width: 767px) {.tatsu-row > .tatsu-hgxet7k3ueff7vco.tatsu-column{width: 100%;}}<\/style><\/div><div  class=\"tatsu-column  tatsu-column-no-bg tatsu-two-third tatsu-column-image-none tatsu-column-effect-none  tatsu-hgxet7k3yso0hj1\"  data-parallax-speed=\"0\" style=\"\"><div class=\"tatsu-column-inner \" ><div class=\"tatsu-column-pad-wrap\"><div class=\"tatsu-column-pad\" ><div  class=\"tatsu-module tatsu-text-block-wrap tatsu-hgxet7k42bnye3e  \"><div class=\"tatsu-text-inner tatsu-align-center  clearfix\" ><style>.tatsu-hgxet7k42bnye3e.tatsu-text-block-wrap .tatsu-text-inner{width: 100%;text-align: left;}<\/style>\n<p><span style=\"color: #ffffff;\">Born in Oklahoma City<\/span><br \/><span style=\"color: #ffffff;\">Lives and works in Paris<\/span><br \/><span style=\"font-size: 14pt; color: #ffcc99;\"><strong>Currently: <br \/>Solo exhibition until June 30<br \/>PLAN\u00c1\u014c GERMINATIO-monumental installation until February 2026<br \/>Forum de Meyrin, Switzerland<br \/><\/strong><\/span><span style=\"color: #ffffff;\">&#8212;&#8212;&#8212;&#8212;-<br \/>Permanent studio located at Montmartre aux Artistes in Paris.<\/span><br \/><span style=\"color: #ffffff;\">Tenured professor at Parsons Paris, The New School<\/span><\/p>\n<p><span style=\"font-size: 18pt; color: #ffffff;\"><strong>SELECTED EXHIBITIONS \/ INSTALLATIONS \/ PERFORMANCES<\/strong><\/span><br \/><span style=\"color: #ffffff;\"><strong>2025<br \/><\/strong><span style=\"color: #ffcc99;\"><strong>CURRENTLY&#8230;<\/strong><\/span><\/span><br \/><span style=\"color: #ffcc99;\"><strong><span style=\"font-size: 12pt;\">PLAN\u00c1\u014c GERMINATIO <\/span>Forum de Meyrin. Geneva, Switzerland:<\/strong><\/span><br \/><span style=\"color: #ffcc99;\"><strong>-Solo Exhibition opening January 30<br \/><\/strong><\/span><span style=\"color: #ffcc99;\"><strong><em>Presences Crois\u00e9es<\/em> group exhibition, gallery Olivier Varenne, Geneva, Switzerland<br \/>until July 17, 2025<br \/><\/strong><\/span><span style=\"color: #ffffff;\"><strong>PAST<\/strong><\/span><span style=\"color: #ffcc99;\"><strong><br \/><span style=\"color: #ffffff;\"><em>L&#8217;arbre monde, Symfolia documentary,\u00a0<\/em>Cin\u00e9 17, presented by Espace Muraille and Gallery Olivier Varenne, Geneva, Switzerland<\/span><br \/><\/strong><\/span><span style=\"color: #ffcc99;\"><strong><span style=\"color: #ffffff;\">COMING&#8230; <br \/><em>Artist Residency program LABA<\/em><\/span><\/strong><\/span><\/p>\n<p><span style=\"color: #ffffff;\">2024<\/span><br \/><span style=\"color: #ffffff; font-size: 12pt;\"><strong><em>Sympholia<\/em>,<\/strong>\u00a0 monumental installation. <a style=\"color: #ffffff;\" href=\"https:\/\/philharmoniedeparis.fr\/fr\">Philharmonic of Paris<\/a> and <a style=\"color: #ffffff;\" href=\"https:\/\/inspiredbykm.com\">Inspired by KM<\/a> official Olympic Game Cultural Program, Paris, France.<br \/><em><strong>Ce Qui Nous Rassemble: Langues, Langages et Imaginaires<\/strong><\/em>. group exhibition for the Festival de la Francophonie. Gait\u00e9 Lyrique, curator: Dominique Moulin, Paris, France.<br \/><\/span><\/p>\n<p><span style=\"color: #ffffff;\">2023<\/span><br \/><span style=\"color: #ffffff;\"><em><strong>Detour<\/strong><\/em>, Moleskin Fondation, Saachi Gallery, London, England.<\/span><br \/><span style=\"color: #ffffff;\"><em><strong>Shinrin-Yoku<\/strong><\/em>, installation. Kobe Art Project. Kobe, Japan.\u00a0<\/span><br \/><span style=\"color: #ffffff;\"><em><strong>Can Creativity Change the World?, <\/strong><\/em>Moleskin Fondation permanent collection. Saint Blaise Church, Arles, France.\u00a0<\/span><\/p>\n<p><span style=\"color: #ffffff;\">2022<\/span><br \/><span style=\"color: #ffffff;\"><strong><em>Showboat<\/em><\/strong>, <a style=\"color: #ffffff;\" href=\"https:\/\/www.broadwayworld.com\/article\/Museum-Of-Broadway-Will-Open-in-New-York-City-In-2020-20190531\">The Museum of Broadway<\/a>, installation. Times Square, New York.\u00a0<\/span><br \/><span style=\"color: #ffffff;\">Opening October 8, 2022.<\/span><br \/><span style=\"color: #ffffff;\"><em><strong><a style=\"color: #ffffff;\" href=\"https:\/\/www.connaissancedesarts.com\/arts-expositions\/art-contemporain\/art-contemporain-a-cognac-la-fondation-martell-donne-corps-a-nos-sens-11173386\/\">Intrar\u016db\u0115us Rhizosphere<\/a>,<\/strong><\/em> installation and residency. Fondation Martell.\u00a0<\/span><br \/><span style=\"color: #ffffff;\"><a style=\"color: #ffffff;\" href=\"https:\/\/www.artistikrezo.com\/wp-content\/uploads\/2022\/01\/DP-Rachel-Marks-bd.pdf\"><em><strong>Li(v)(b)re<\/strong><\/em>,<\/a> Solo exhibition. Gallery Artistik Rezo. Paris<\/span><\/p>\n<p><span style=\"color: #ffffff;\">2021<\/span><br \/><span style=\"color: #ffffff;\"><em><strong>Papilionideaesence<\/strong><\/em>, installation. <a style=\"color: #ffffff;\" href=\"https:\/\/fernandleger.ivry94.fr\">Galerie Fernand L\u00e9ger,<\/a> Ivry-sur-Scene<\/span><br \/><span style=\"color: #ffffff;\"><em><strong>Tu\u00ecbi\u00e0n<\/strong><\/em>, installation. Today Art Museum, ANOBO international Children&#8217;s Art Exhibition.\u00a0<\/span><br \/><span style=\"color: #ffffff;\"><strong><em>Vuelo, Metamorphose,<\/em><\/strong>\u00a0installation and performance. exhibition LAPS, Verdun<\/span><br \/><span style=\"color: #ffffff;\"><strong><em>Symphonie Verte<\/em><\/strong>, performance. La Nuit des Forets, Coal Art. Curator Roman de la Croix.\u00a0<\/span><br \/><span style=\"color: #ffffff;\"><a style=\"color: #ffffff;\" href=\"https:\/\/www.quandlesfleursnoussauvent.com\/mercipourlesroses\"><em><strong>Merci pour les roses, merci pour les \u00e9pines<\/strong><\/em><\/a>, group exhibition. Gallery Quand Les Fleurs Nous Sauvent.<\/span><\/p>\n<p><span style=\"color: #ffffff;\">2020<\/span><br \/><span style=\"color: #ffffff;\"><strong><a style=\"color: #ffffff;\" href=\"https:\/\/vimeo.com\/392688961\">E<em>SOHPROMAT\u00c9M<\/em><\/a><\/strong><em>,<\/em> installation. <a style=\"color: #ffffff;\" href=\"https:\/\/www.changenow-summit.com\/art-for-change\/\">ChangeNOW<\/a>, <a style=\"color: #ffffff;\" href=\"https:\/\/www.grandpalais.fr\/fr\">Grand Palais<\/a>, Paris<\/span><br \/><span style=\"color: #ffffff;\"><strong><em><a style=\"color: #ffffff;\" href=\"http:\/\/ddessinparis.fr\/2020\/\">Ddessin<\/a><\/em>,<\/strong> Contemporary Drawing Fair, Atelier Richelieu, H Gallery, Paris<\/span><br \/><span style=\"color: #ffffff;\"><strong><em>Vivre un jour de plus<\/em><\/strong>, H Gallery, Paris<\/span><\/p>\n<p><span style=\"color: #ffffff;\">2019<\/span><br \/><span style=\"color: #ffffff;\"><a style=\"color: #ffffff;\" href=\"https:\/\/www.stranofilmfestival.com\/welcome-index\">Strano Film Festival,<\/a> installation, Capistrano, Italy<\/span><br \/><span style=\"color: #ffffff;\"><a style=\"color: #ffffff;\" href=\"https:\/\/www.artrabbit.com\/events\/rachel-marks-naturae-liber\">Naturae Liber<\/a>, installation <a style=\"color: #ffffff;\" href=\"https:\/\/cmany.org\/exhibitions\/view\/way-words-power-art-book\/\">Children&#8217;s Museum of the Arts<\/a>, New York<\/span><br \/><span style=\"color: #ffffff;\"><a style=\"color: #ffffff;\" href=\"http:\/\/untitled-space.com\/eden-springbreakartshow2019\/\">Eden, Spring Break Art Show, Untitled Space<\/a>, New York<\/span><br \/><span style=\"color: #ffffff;\"><a style=\"color: #ffffff;\" href=\"https:\/\/docs.wixstatic.com\/ugd\/d27cbb_4396452f4ea440448bed2b6696a2df68.pdf\">Christmas Party, Under Construction Gallery<\/a>, Paris<\/span><\/p>\n<p><span style=\"color: #ffffff;\">2018<\/span><br \/><span style=\"color: #ffffff;\"><a style=\"color: #ffffff;\" href=\"https:\/\/www.citedesartsparis.net\/fr\/bienvenue-art-fair\">Bienvenue Art Fair, La Cit\u00e9 des Arts,<\/a> Paris<\/span><br \/><span style=\"color: #ffffff;\"><a style=\"color: #ffffff;\" href=\"https:\/\/chashama.org\/gala\/\">Gala ChaShaMa<\/a>, 4 Times Square, New York<\/span><br \/><span style=\"color: #ffffff;\"><a style=\"color: #ffffff;\" href=\"https:\/\/www.chassenature.org\/artemis\/\">Artemis, perforamnce, Mus\u00e9e de la Chasse et de la Nature<\/a>, Les Nocturnes, Paris<\/span><br \/><span style=\"color: #ffffff;\"><a style=\"color: #ffffff;\" href=\"https:\/\/hamptonsarthub.com\/2018\/03\/10\/art-fairs-politics-strangers-art-not-to-miss-at-spring-break-2018\/\">The Poetry of Earth<\/a>, <a style=\"color: #ffffff;\" href=\"https:\/\/springbreakartfair.com\/\">Spring Break Art Show<\/a>, installation, curator Ch\u00e9 Morales, New York<\/span><br \/><span style=\"color: #ffffff;\"><a style=\"color: #ffffff;\" href=\"https:\/\/docs.wixstatic.com\/ugd\/d27cbb_987423d10dd546bfa64cf20c124a376c.pdf\">Animae Animarum, Under Construction Gallery, Paris<\/a><\/span><br \/><span style=\"color: #ffffff;\"><a style=\"color: #ffffff;\" href=\"https:\/\/slash-paris.com\/en\/evenements\/rock-on-paper-exposition-collective-d-oeuvres-sur-papier\">Rock on Paper<\/a>, under construction gallery, Paris<\/span><br \/><span style=\"color: #ffffff;\"><a style=\"color: #ffffff;\" href=\"http:\/\/saintmerry.org\/escape-rachel-marks-djeff\/\">Escape, installation, \u00c9glise Saint Merry<\/a>, Paris<\/span><\/p>\n<p><span style=\"color: #ffffff;\">2017<\/span><br \/><span style=\"color: #ffffff;\"><a style=\"color: #ffffff;\" href=\"https:\/\/nationalsawdust.org\/event\/10th-annual-imagine-science-film-festival-im-migrations\/\">Imagine Science Film Festival, National Sawdust<\/a>, perforamance, New York<\/span><br \/><span style=\"color: #ffffff;\"><a style=\"color: #ffffff;\" href=\"http:\/\/agenda-pointcontemporain.com\/2282-2\/\">Null and Void, solo exhibition<\/a>, Incognito Artclub, Paris<\/span><br \/><span style=\"color: #ffffff;\">Translations, solo exhibition, <a style=\"color: #ffffff;\" href=\"https:\/\/slam-livre.fr\/en\/booksellers\/librairie-nicolas-malais\">La Librairie Nicolas Malais<\/a>, Paris<\/span><br \/><span style=\"color: #ffffff;\">Innergration, solo exhibition, under construction gallery, Paris<\/span><br \/><span style=\"color: #ffffff;\">La Nuit des Mus\u00e9es, performance, Mus\u00e9e de la Chasse et de la Nature, Paris<\/span><br \/><span style=\"color: #ffffff;\">Cher(e)s Ami(e)s, performance, U10, curator Svetlana Montua, Belgrade<\/span><br \/><span style=\"color: #ffffff;\">Symphony Nature, Mus\u00e9e de la Chasse et de la Nature, Paris<\/span><br \/><span style=\"color: #ffffff;\">Understand What We Know, Jeune Cr\u00e9ation, La Couleuvre, Paris<\/span><br \/><span style=\"color: #ffffff;\">Vaisseau Famtome, curator Celine Tuloup, 6B, Saint-Denis<\/span><\/p>\n<p><span style=\"color: #ffffff;\">2016<\/span><br \/><span style=\"color: #ffffff;\">Christmas Party, Under Construction Gallery, curator Marie Gayet, Paris<\/span><br \/><span style=\"color: #ffffff;\">Festival Passage Pas\/sage, Passage Gravilliers, Paris<\/span><br \/><span style=\"color: #ffffff;\">Autofictions, Under Construction Gallery, curator Point Contemporain, Paris<\/span><br \/><span style=\"color: #ffffff;\">Generosity, Gallery XPO, curator Point Contemporain, Paris<\/span><br \/><span style=\"color: #ffffff;\">Art for Autism, Art Curial, Chateau de Beauregard, Saint-Jean-de-Beauregard<\/span><\/p>\n<p><span style=\"color: #ffffff;\">2015<\/span><br \/><span style=\"color: #ffffff;\">Christmas Party Biblioth\u00eaca, curator Katarina Stella, Under Construction Gallery, Paris<\/span><br \/><span style=\"color: #ffffff;\">3 Days in Paris, Mi* Galerie, exposition collectif et performance, Paris, France<\/span><br \/><span style=\"color: #ffffff;\">Dreamcatcher, Incognito Artclub 24h\/24, commissariat La GAD, exposition et performance, Paris, France<\/span><br \/><span style=\"color: #ffffff;\">SLiCK Art Fair, performance sous l&#8217;invitation du Under Construction Gallery, Paris, France<\/span><br \/><span style=\"color: #ffffff;\">Young International Artist Fair (YIA), Carreau du Temple, Paris, France<\/span><br \/><span style=\"color: #ffffff;\">La Nuit Blanche, Eglise Saint Merry, Paris, France<\/span><br \/><span style=\"color: #ffffff;\">Jeudi Arty, performance Under Construction Gallery, Paris, France<\/span><br \/><span style=\"color: #ffffff;\">La GAD Collection Type #3 @ Grand Local, 22 rue Visconti, 75006, Paris, France<\/span><br \/><span style=\"color: #ffffff;\">Passage Pas\/sage, Under Construction Gallery, performance, Paris, France<\/span><br \/><span style=\"color: #ffffff;\">\u00c0 distance convenable, Under Construction Gallery, curator Point Contemporain, Paris<\/span><br \/><span style=\"color: #ffffff;\">Life Aint Fair #02, Galerie R\u00e9sidence d&#8217;\u00e9t\u00e9 du YIA art fair, in situ par La GAD curator Romain Tichit. Tourtour<\/span><br \/><span style=\"color: #ffffff;\">Archetecture(s) de Bonheur, Galerie D\u00fco, curator Point Contemporain, Paris<\/span><br \/><span style=\"color: #ffffff;\">Y YO SOY, T3r Puetras, solo exposition-artist residency, Torre Del Mar, Andelucia, Spain<\/span><br \/><span style=\"color: #ffffff;\">The sky is not the limit, curator point contemporain, OMNI Gallery, Paris<\/span><br \/><span style=\"color: #ffffff;\">Life Aint Fair, La GAD in situ 22 rue Visconti, Paris<\/span><br \/><span style=\"color: #ffffff;\">Black Rice, Foundation Lucien Paye, Paris<\/span><br \/><span style=\"color: #ffffff;\">Young International Art Fair La Confidentielle, Bastille Design Center, Paris<\/span><br \/><span style=\"color: #ffffff;\">La Ville Continent, curator Point Contemporain, OMNI Gallery, Paris<\/span><\/p>\n<p><span style=\"color: #ffffff;\">2014<\/span><br \/><span style=\"color: #ffffff;\">Crossing Boarders, Instituto Municipal de Arte y Cultura, Tijuana, Mexico<\/span><br \/><span style=\"color: #ffffff;\">Crossing Boarders, Gallery Gong, Seoul, South Korea<\/span><br \/><span style=\"color: #ffffff;\">language identity, La Galerie Aigua de Rocha, Ussel, France<\/span><br \/><span style=\"color: #ffffff;\">Int\u00e9gration, Le Faitout, Paris<\/span><\/p>\n<p><span style=\"color: #ffffff;\">2013<\/span><br \/><span style=\"color: #ffffff;\">Crossing Boarders, SMOArts Bay Gallery, San Francisco, California<\/span><br \/><span style=\"color: #ffffff;\">Journ\u00e9e d\u2019Art Contemporaine, Galerie Xavier Jouvin, Grenoble, France<\/span><br \/><span style=\"color: #ffffff;\">Deep, Gallery l\u2019\u00c9cole Sup\u00e9rieur d\u2019Art of Grenoble, Grenoble, France<\/span><\/p>\n<p><span style=\"color: #ffffff;\">2010<\/span><br \/><span style=\"color: #ffffff;\">Bachelor of Fine Art graduate exhibition Bartlet Center Art Gallery, Stillwater, Oklahoma<\/span><br \/><span style=\"color: #ffffff;\">Landscapes of Spanocchia, Gallery Spanocchia, Sienne, Italy <\/span><br \/><span style=\"color: #ffffff;\">Green Country Watercolor Society, Tulsa Community College Gallery, Tulsa, Oklahoma<\/span><br \/><span style=\"color: #ffffff;\">Momentum, The Oklahoma Visual Art Coalition (OVAC), Oklahoma City, Oklahoma<\/span><br \/><span style=\"color: #ffffff;\">Musical Interpretations, solo exhibition, Schardein and Company Gallery, Oklahoma City, Oklahoma<\/span><br \/><span style=\"color: #ffffff;\">Musical Interpretations, solo exhibition, The Jazz Hall of Fame Museum, Tulsa, Oklahoma<\/span><\/p>\n<p><span style=\"font-size: 18pt; color: #ffffff;\"><strong>RESIDENCY<\/strong><\/span><br \/><span style=\"color: #ffffff;\">2025<\/span><br \/><span style=\"color: #ffffff;\">Forum Meyrin, Geneva, Switzerland<\/span><\/p>\n<p><span style=\"color: #ffffff;\">2022-2024<\/span><br \/><span style=\"color: #ffffff;\">Philharmonie de Paris, Paris, France<\/span><\/p>\n<p><span style=\"color: #ffffff;\">2022<\/span><br \/><span style=\"color: #ffffff;\">Fondation Martel, Cognac, France<\/span><\/p>\n<p><span style=\"color: #ffffff;\">2019<\/span><br \/><span style=\"color: #ffffff;\"><a style=\"color: #ffffff;\" href=\"https:\/\/www.stranofilmfestival.com\/welcome-index\">Strano Film Festival<\/a>, Capistrano, Italy<\/span><\/p>\n<p><span style=\"color: #ffffff;\">2018<\/span><br \/><span style=\"color: #ffffff;\"><a style=\"color: #ffffff;\" href=\"https:\/\/www.jr-art.net\/news\/welcome-to-casa-amarela\">Casa Amarela<\/a>, project with artist JR, Rio, Brazil<\/span><br \/><span style=\"color: #ffffff;\">Project for Empty Space, Newark, New Jersey<\/span><\/p>\n<p><span style=\"color: #ffffff;\">2017<\/span><br \/><span style=\"color: #ffffff;\">Jeune Creation, Bretagne, France<\/span><\/p>\n<p><span style=\"color: #ffffff;\">2015<\/span><br \/><span style=\"color: #ffffff;\">Tr3s puertas, Andalucia, Spain<\/span><br \/><span style=\"color: #ffffff;\">OMNI, Paris<\/span><\/p>\n<p><span style=\"color: #ffffff;\">2010<\/span><br \/><span style=\"color: #ffffff;\">Dole Reed Society, Toas, New Mexico<\/span><\/p>\n<p><span style=\"color: #ffffff;\">2009<\/span><br \/><span style=\"color: #ffffff;\">Spanocchia, Sienne, Italy<\/span><\/p>\n<p><span style=\"font-size: 18pt; color: #ffffff;\"><strong>CONFERENCES \/ JURY<\/strong><\/span><br \/><span style=\"color: #ffffff;\">2024 <\/span><br \/><span style=\"color: #ffffff;\">TEDX &#8211; <em>A Tree has the Power to Unite the World <\/em>La Baule, France<em><br \/><\/em>Plants in\/as Art: Collaboration and Co-Creation, conference presentation, Kone Foundation. Helsinki, Finland<\/span><br \/><span style=\"color: #ffffff;\">Change Now &#8211; <em>Symfolia, art and activism<\/em><\/span><\/p>\n<p><span style=\"color: #ffffff;\">2022 <\/span><br \/><span style=\"color: #ffffff;\">TEDX &#8211; <em>Art as a Journey to Connect <\/em>Skema School, Paris, France<\/span><br \/><span style=\"color: #ffffff;\">L\u2019Ecole Sup\u00e9rieure d\u2019Art et Design de Grenoble, Jury DNSEP<\/span><\/p>\n<p><span style=\"color: #ffffff;\"><span style=\"font-size: 18pt;\"><strong>COLLECTIONS \/ PUBLICATIONS<br \/><\/strong><\/span>-Art in Embassies, US Embassy in Paris, France. Current collection of the US Ambassador to France in the Ambassador&#8217;s Residency.\u00a0<\/span><br \/><span style=\"color: #ffffff;\">-Moleskin Fondation Permanent Collection. Milan, Italy<\/span><br \/><span style=\"color: #ffffff;\">-Imago Mundi Contemporary Art Collection Book, Fondazione Luciao Benetton. Rome, Italy<\/span><br \/><span style=\"color: #ffffff;\">-Highlike Book, Electronic Language International Festival and SESI publishing house, S\u00e3o Paulo, Brazil<\/span><\/p>\n<p><span style=\"color: #ffffff;\"><strong><span style=\"font-size: 18pt;\">NOMINATIONS<\/span><\/strong><\/span><br \/><span style=\"color: #ffffff;\"><em>Prix Fabuleux Signature<\/em>, Fondation Signature. Paris, France<\/span><\/p>\n<p><span style=\"font-size: 18pt; color: #ffffff;\"><strong>EDUCATION<\/strong><\/span><br \/><span style=\"color: #ffffff;\">MFA (DNSEP) with honors, L\u2019Ecole Sup\u00e9rieure d\u2019Art et Design de Grenoble, 2013.<\/span><br \/><span style=\"color: #ffffff;\">Bachelor of Fine Art- drawing and painting, Oklahoma State University, Stillwater, Oklahoma, 2010.<\/span><br \/><span style=\"color: #ffffff;\">Art Department Exchange Program at The University of Hertfordshire, Hatfield, England, 2009\/2010.<\/span><\/p>\n<\/div><\/div><\/div><\/div><div class = \"tatsu-column-bg-image-wrap\"><div class = \"tatsu-column-bg-image\" ><\/div><\/div><\/div><style>.tatsu-row > .tatsu-hgxet7k3yso0hj1.tatsu-column{width: 66.67%;}.tatsu-hgxet7k3yso0hj1.tatsu-column > .tatsu-column-inner > .tatsu-column-overlay{mix-blend-mode: none;}.tatsu-hgxet7k3yso0hj1 > .tatsu-column-inner > .tatsu-top-divider{z-index: 9999;}.tatsu-hgxet7k3yso0hj1 > .tatsu-column-inner > .tatsu-bottom-divider{z-index: 9999;}.tatsu-hgxet7k3yso0hj1 > .tatsu-column-inner > .tatsu-left-divider{z-index: 9999;}.tatsu-hgxet7k3yso0hj1 > .tatsu-column-inner > .tatsu-right-divider{z-index: 9999;}@media only screen and (max-width: 767px) {.tatsu-row > .tatsu-hgxet7k3yso0hj1.tatsu-column{width: 100%;}}<\/style><\/div><\/div><\/div><\/div><div class=\"tatsu-section-background-wrap\"><div class = \"tatsu-section-background\" ><\/div><\/div><div class=\"tatsu-overlay tatsu-section-overlay\"><\/div><style>.tatsu-hgxet7k3m97lukgl .tatsu-section-pad{padding: 90px 0px 90px 0px;}.tatsu-hgxet7k3m97lukgl > .tatsu-bottom-divider{z-index: 9999;}.tatsu-hgxet7k3m97lukgl > .tatsu-top-divider{z-index: 9999;}.tatsu-hgxet7k3m97lukgl .tatsu-section-overlay{background: rgba(0,0,0,0.8);mix-blend-mode: normal;}<\/style><\/div>\n","protected":false},"excerpt":{"rendered":"<p><a href=\"https:\/\/rachel-marks.com\/index.php\/resume\/\" class=\"more-link style1-button\">Read More<\/a><\/p>","protected":false},"author":1,"featured_media":0,"parent":0,"menu_order":0,"comment_status":"closed","ping_status":"closed","template":"","meta":[],"_links":{"self":[{"href":"https:\/\/rachel-marks.com\/index.php\/wp-json\/wp\/v2\/pages\/285"}],"collection":[{"href":"https:\/\/rachel-marks.com\/index.php\/wp-json\/wp\/v2\/pages"}],"about":[{"href":"https:\/\/rachel-marks.com\/index.php\/wp-json\/wp\/v2\/types\/page"}],"author":[{"embeddable":true,"href":"https:\/\/rachel-marks.com\/index.php\/wp-json\/wp\/v2\/users\/1"}],"replies":[{"embeddable":true,"href":"https:\/\/rachel-marks.com\/index.php\/wp-json\/wp\/v2\/comments?post=285"}],"version-history":[{"count":109,"href":"https:\/\/rachel-marks.com\/index.php\/wp-json\/wp\/v2\/pages\/285\/revisions"}],"predecessor-version":[{"id":1580,"href":"https:\/\/rachel-marks.com\/index.php\/wp-json\/wp\/v2\/pages\/285\/revisions\/1580"}],"wp:attachment":[{"href":"https:\/\/rachel-marks.com\/index.php\/wp-json\/wp\/v2\/media?parent=285"}],"curies":[{"name":"wp","href":"https:\/\/api.w.org\/{rel}","templated":true}]}}